{"id":159,"date":"2013-11-25T20:28:34","date_gmt":"2013-11-25T20:28:34","guid":{"rendered":"https:\/\/desidades.ufrj.br\/desidades_dev\/?page_id=159"},"modified":"2026-03-16T14:13:01","modified_gmt":"2026-03-16T17:13:01","slug":"normas-para-la-publicacion","status":"publish","type":"page","link":"https:\/\/desidades.ufrj.br\/es\/normas-para-la-publicacion\/","title":{"rendered":"Normas para la publicaci\u00f3n"},"content":{"rendered":"<h2>Normas para todas las secciones<\/h2>\n<ul>\n<li><strong>1.<\/strong> Los art\u00edculos, entrevistas o rese\u00f1as ser\u00e1n enviados, en portugu\u00e9s O espa\u00f1ol, al Consejo Editorial al cual cabe la responsabilidad del proceso editorial de los manuscritos. El env\u00edo ser\u00e1 hecho en el sitio web de DESIDADES, en el portal de peri\u00f3dicos de la UFRJ <u><a href=\"https:\/\/revistas.ufrj.br\/index.php\/desidades\" target=\"blank\" rel=\"noopener noreferrer\">https:\/\/revistas.ufrj.br\/index.php\/desidades<\/a><\/u> siguiendo las orientaciones explicitadas.<\/li>\n<li><strong>2.<\/strong> El env\u00edo de textos en cualquier categor\u00eda solo ser\u00e1 posible mediante la confirmaci\u00f3n del autor, en el momento del env\u00edo, de que <b>TODAS<\/b> las condiciones establecidas se cumplen. El incumplimiento de <b>cualquiera<\/b> de los \u00edtems es suficiente para el <b>rechazo inicial<\/b>, durante la primera etapa de evaluaci\u00f3n, motivo por el cual recomendamos a los autores que hagan una minuciosa revisi\u00f3n de sus manuscritos antes de enviarlos. La editorial se reserva el derecho de rechazar cualquier env\u00edo que pudiera ser considerado ajeno al objetivo o al compromiso \u00e9tico y pol\u00edtico de Desidades (para mayores informaciones consultar: https:\/\/revistas.ufrj.br\/index.php\/desidades\/about)<\/li>\n<li><strong>3.<\/strong> Ser\u00e1n admitidos solamente art\u00edculos, entrevistas y rese\u00f1as in\u00e9ditos, no publicadas en cualquier otra revista o medio digital.<\/li>\n<li><strong>4.<\/strong> Todos los art\u00edculos, entrevistas o rese\u00f1as enviados deber\u00e1n estar en formato Word, en extensi\u00f3n \u201c.doc\u201d, \u201c.docx\u201d o \u201c.odt\u201d, fuente Arial 11, espaciado doble. Los p\u00e1rrafos de texto deben ser marcados con espaciado de una l\u00ednea y no deben usar sangr\u00eda. Ejemplo:<br \/>\n\u201cCada vez m\u00e1s, la presencia m\u00e1s integral de autores\/as de pa\u00edses latinoamericanos en la Revista se ha movilizado para hacer valer la importancia de la discusi\u00f3n cient\u00edfica en el \u00e1rea de estudios inter y transdiciplinarios de la infancia, adolescencia y juventud, con consecuencias en las pol\u00edticas p\u00fablicas y en la distribuci\u00f3n de la riqueza de la forma m\u00e1s justa entre las generaciones.<\/p>\n<p>En esta 39\u00aa edici\u00f3n de la revista, traemos a los lectores un conjunto de art\u00edculos que, coincidentemente, nos convoca a una profundizaci\u00f3n acerca de las m\u00faltiples facetas de este impacto que las desigualdades infligen sobre los j\u00f3venes y ni\u00f1os\u201d.<\/p>\n<p><strong>5.<\/strong> Al realizar el env\u00edo en la plataforma de la revista es obligatorio que los\/as autor\/es\/as llenen los campos del \u201cPaso 3 \u2013 Metadatos de Env\u00edo\u201d de la siguiente manera:<br \/>\na) nombre, apellido, e-mail y ORCID ID del (de la\/s) autores(as) en el orden de autor\u00eda del art\u00edculo, es decir, primero son incluidas las informaciones del\/de la primer(a) autor(a), despu\u00e9s las de un\/a eventual segundo\/a autor(a) y se sigue esta l\u00f3gica;<br \/>\nb) el campo \u00abInstituci\u00f3n\/Afiliaci\u00f3n\u00bb debe ser completado con la principal inserci\u00f3n institucional del (los\/la\/las) autor(es\/as) del texto en el siguiente formato: \u00abnombre de la universidad o instituci\u00f3n en que est\u00e1 incluido, ciudad donde se localiza la instituci\u00f3n, pa\u00eds\u00bb. Ejemplo: Universidade Federal do Esp\u00edrito Santo, Esp\u00edrito Santo, Brasil;<br \/>\nc) el campo \u00abResumen de la biograf\u00eda\u00bb debe ser completado con un peque\u00f1o curr\u00edculum de cada autor\/a con m\u00e1ximo de 280 caracteres. En los campos \u00abInstituci\u00f3n\/Afiliaci\u00f3n\u00bb y \u00abResumen de la biograf\u00eda\u00bb, el\/la\/los\/las autor(es\/as) no deben hacer uso de siglas, escribiendo el nombre de las universidades, programas de post graduaci\u00f3n, agencias de investigaci\u00f3n y cualquier otra instituci\u00f3n de manera completa. En el caso de env\u00edo a secci\u00f3n Espacio Abierto, se deber\u00e1 enviar la informaci\u00f3n curricular de los interlocutores que se destaquen en la ocasi\u00f3n. Estos interlocutores pueden ser personas f\u00edsicas o jur\u00eddicas, como asociaciones cient\u00edficas, colectivos juveniles y movimientos sociales<br \/>\nd) Toda esta informaci\u00f3n debe ser completada en el sistema en el idioma en el que se registra el env\u00edo, es decir, en portugu\u00e9s o espa\u00f1ol<br \/>\ne) Los autores(as) de art\u00edculos y entrevistas deben completar los campos con el t\u00edtulo y resumen del texto en la lengua original del art\u00edculo. El t\u00edtulo debe tener como m\u00e1ximo 15 palabras y el resumen, como m\u00e1ximo, 150 palabras. El texto enviado debe contener t\u00edtulos y res\u00famenes en portugu\u00e9s, espa\u00f1ol e ingl\u00e9s, as\u00ed como 4 a 5 palabras clave en los tres idiomas. Los res\u00famenes y palabras clave en los tres idiomas deben estar incluidos al final del manuscrito despu\u00e9s de las referencias, el primero siempre en el idioma original de el\/los\/la\/las autor(as) y el \u00faltimo en ingl\u00e9s. En el caso de que el env\u00edo sea para la secci\u00f3n Espacio Abierto y sea solamente en formato de video (ver Normas Espec\u00edficas para la Secci\u00f3n Espacio Abierto), las informaciones del presente t\u00f3pico deben ser anexadas en documento Word, siguiendo las especificaciones de formato expuestas en el \u00edtem 4 de la presente norma, en el sistema de la revista como texto del art\u00edculo.<\/li>\n<li><strong>6.<\/strong> T\u00edtulos y subt\u00edtulos deben estar separados del texto restante por espaciado, y destacados en negrita.<\/li>\n<li><strong>7.<\/strong> Las referencias bibliogr\u00e1ficas deben estar presentadas en orden alfab\u00e9tico al final del texto y pautarse por las normas ABNT (NBR 6023, 2002). Las obras del mismo autor(es) deben seguir el orden cronol\u00f3gico de publicaci\u00f3n.<\/li>\n<li><strong>8.<\/strong> Solo las referencias citadas en el cuerpo del texto deben aparecer y ser mencionadas en esta secci\u00f3n. Ejemplos de los casos m\u00e1s comunes:\n<ul>\n<li>Libro con un autor:<br \/>\nCASCUDO, L. C. <strong>Dicion\u00e1rio do Folclore Brasileiro.<\/strong> 12. ed. S\u00e3o Paulo: Global, 2012.<\/li>\n<li>Libro con dos o tres autores:<br \/>\nCASTRO, L. R.; CORREA, J. <strong>Mostrando a real:<\/strong> um retrato da juventude pobre do Rio de Janeiro. Rio de Janeiro: NAU Editora; FAPERJ, 2005.<\/li>\n<li>En las referencias de hasta tres autores, todos son citados, separados por punto y coma. En caso de ser m\u00e1s de tres autores, se cita solamente el primero, seguido de la expresi\u00f3n et al. (sin uso de cursivas)<\/li>\n<li>Art\u00edculo de revista o peri\u00f3dico:<br \/>\nTORRES, M. C. E.; CASTRO, L. R. Resgatando e atualizando os sentidos da autoridade: um percurso hist\u00f3rico. <strong>Paid\u00e9ia (USP)<\/strong>, Ribeir\u00e3o Preto, v. 19, n. 42, p. 87-96, jan.\/abr. 2009.<\/li>\n<li>Cap\u00edtulo de libro:<br \/>\nGALINKIN, A. L.; ALMEIDA, A. M. O. Representa\u00e7\u00f5es sociais da viol\u00eancia entre adolescentes e professores de classe m\u00e9dia. In: CASTRO, L. R.; CORREA, J. (Org.). <strong>Juventude Contempor\u00e2nea:<\/strong> perspectivas nacionais e internacionais. Rio de Janeiro: Nau\/Faperj, 2005. p. 229-232.<\/li>\n<li>Tesis y disertaciones:<br \/>\nCORDEIRO, D. M. A. <strong>Juventude nas sombras:<\/strong> escola, trabalho e moradia em territ\u00f3rios de precariedades. 2008. Tese (Doutorado em Educa\u00e7\u00e3o) &#8211; Universidade Federal Fluminense, Rio de Janeiro, 2008.<\/li>\n<li>Referencia electr\u00f3nica:<br \/>\nOBSERVATORIO NACIONAL DE LOS DERECHOS DEL NI\u00d1O Y DEL ADOLESCENTE. <strong>IHA 2009\/2010:<\/strong> los hombres negros adolescentes son las principales v\u00edctimas de homicidios en Brasil. Dispon\u00edvel em: &lt;http:\/\/www.obscriancaeadolescente. gov.br\/index.php?option=com_content &amp;view=article&amp;id=722:iha-20092010-adolescentes-negros-do-sexo-masculino-sao-as-principais-vitimas-de-homicidios-no-brasil&amp;catid=34:noticias&amp;Itemid=106&gt;. Acesso em 14 abr. 2013.<\/li>\n<li>Obra antigua y reeditada en fecha posterior:<br \/>\nWINNICOTT, D. W. Objetos Transicionais e Fen\u00f4menos Transicionais. In: ______. <span style=\"color: #000000;\"><b>O brincar e a realidade.<\/b><\/span><span style=\"color: #000000;\"> Rio de Janeiro: Imago Editora, 1971 (Original de 1951).<\/span><\/li>\n<li>Referencia de publicaci\u00f3n cuando consta el traductor del libro:<br \/>\nLUJAN, R. P. <b>Um presente especial.<\/b> Tradu\u00e7\u00e3o Sonia da Silva. 3. ed. S\u00e3o Paulo: Aquariana, 1993.<\/li>\n<\/ul>\n<\/li>\n<\/ul>\n<p><strong>9.<\/strong> Citas y notas<br \/>\n\u2022 Las citas de autores en el cuerpo del texto y las notas al pie de p\u00e1gina siguen las normas ABNT (NBR 10520, 2002).<br \/>\n\u2022 Las citas literales de hasta tres l\u00edneas son integradas al texto, entre comillas, seguidas de par\u00e9ntesis con el apellido del autor, a\u00f1o de la publicaci\u00f3n y p\u00e1gina (ej. LIMA, 1999, p.27).<br \/>\n\u2022 Citas con tres o m\u00e1s l\u00edneas deben ser destacadas del texto con sangr\u00eda de 1,25, en tama\u00f1o 10, con la indicaci\u00f3n: (Autor, a\u00f1o, p.). No deber\u00e1n ser destacadas en negrita o cursiva.<br \/>\n\u2022 Las remisiones sin cita literal son incorporadas al texto.<br \/>\n\u2022 Ej: Seg\u00fan Cordeiro (2008)\u2026<br \/>\n\u2022 Para los casos de documentos del\/de los mismo(s) autor(es) publicados en a\u00f1os diferentes, utilizar el siguiente modelo:<br \/>\n\u2022 (DREYFUSS, 1989, 1991, 1995)<br \/>\n\u2022 (CRUZ; CORREA; COSTA, 1998, 1999, 2000)<\/p>\n<ul>\n<li>Para los casos de cita de diversos documentos de diversos autores, utilizar los siguientes modelos:<br \/>\nEj: (CROSS, 1984; KNOX, 1986; MEZIROW, 1991).<br \/>\nLas citas de obras antiguas republicadas recientemente deben seguir el siguiente modelo: Winnicott (1971\/1951).<br \/>\nLas notas al pie, trat\u00e1ndose de observaciones, comentarios y aclaraciones hechas por los autores deben ir al final de la p\u00e1gina, en n\u00fameros ar\u00e1bigos, debiendo tener numeraci\u00f3n \u00fanica y consecutiva a lo largo del texto. Deben estar en formato de fuente <strong>arial 10, justificadas, interlineado simple.<\/strong><br \/>\nCuando se trata de una cita secundaria -por ejemplo, la cita de un autor citado por otra publicaci\u00f3n consultada sin que el original haya sido consultado- citar simplemente la obra consultada de la siguiente forma, por ejemplo: \u201cArendt (1968, citada por BIGNOTTO, 2008)\u2026.\u201d.<\/li>\n<li><strong>10. <\/strong>Uso de cursiva y comillas dobles:\n<ul>\n<li><i><b>Uso de cursiva:<\/b><\/i> a) t\u00edtulos de libros, diarios, art\u00edculos, cr\u00f3nicas, etc., bastando usar en may\u00fascula la primera palabra (Ej: <i>Gabriela cravo e canela<\/i>; <i>A casa das sete mulheres<\/i>); b) palabras o expresiones extranjeras (<i>goal, american way of life<\/i>), excepto: \u2013 nomes de entidades (Library of Congress), empresas (Edizione Scientifiche Italiane), pa\u00edses (United Kingdom), personas (Claude L\u00e9vy-Strauss). c) expresiones que merecen destaque (en este caso, usarlas con parsimonia).<\/li>\n<li><i><b>Uso de comillas dobles:<\/b><\/i> preferentemente, solo para citas cortas en el cuerpo del texto, aunque pueden ser aplicadas en caso de neologismos o palabras utilizadas en sentido figurado (en este caso, usarlas con parsimonia); no utilizamos comillas simples, a no ser en el caso de comillas dentro de comillas.<\/li>\n<\/ul>\n<\/li>\n<li><strong>11.<\/strong> Es fundamental que el material no contenga ninguna forma de identificaci\u00f3n de la autor\u00eda, lo que incluye referencias identificadas a trabajos anteriores de\/de los autor\/es del manuscrito y sus v\u00ednculos institucionales, as\u00ed como informaciones contenidas en los campos de las propiedades del documento. Para retirar la identificaci\u00f3n de la autor\u00eda en las Propiedades del archivo, los caminos pueden variar, dependiendo de su versi\u00f3n de Word u otro editor de texto. En la herramienta de Ayuda de su editor de texto, busque \u201cPropiedades\u201d o \u201cInspeccionar documento\u201d y siga las instrucciones para remover informaciones personales del documento.<\/li>\n<li><strong>12.<\/strong> Las im\u00e1genes deben tener calidad alta (resoluci\u00f3n m\u00ednima de 300 dpi) y formato .jpg.<\/li>\n<\/ul>\n<h2>Normas espec\u00edficas para la secci\u00f3n Temas Sobresalientes: Secci\u00f3n Libre y Seccion Tem\u00e1tica<\/h2>\n<p>Los art\u00edculos de esta secci\u00f3n deben abordar alguna cuesti\u00f3n o problema de investigaci\u00f3n que guarde relaci\u00f3n con la infancia y\/o la juventud en el contexto latinoamericano. Como trabajo de investigaci\u00f3n cient\u00edfica, los art\u00edculos contribuyen con el avance del conocimiento en el \u00e1rea, escritos para especialistas \u2013 docentes, investigadores \u2013 pero tambi\u00e9n para un p\u00fablico m\u00e1s amplio \u2013 estudiantes de posgrado y de grado, no especialistas. La escritura debe considerar la clareza del texto. Relatos de experiencia profesional pueden ser inclu\u00eddos siempre que traigan contribuciones importantes a la pr\u00e1ctica profesional y a la problematizaci\u00f3n de aspectos te\u00f3ricos.<\/p>\n<ul>\n<li><strong>1.<\/strong> Los art\u00edculos deben tener entre 5 mil y 8 mil palabras (incluyendo res\u00famenes y referencias).<\/li>\n<li><strong>2.<\/strong> Res\u00famenes en portugu\u00e9s, espa\u00f1ol e ingl\u00e9s de aproximadamente 150 palabras cada uno deber\u00e1n ser insertos al final del art\u00edculo, despu\u00e9s de las referencias, seguidos de 4 (cuatro) a 5 (cinco) palabras clave, en los tres idiomas, que abarquen la tem\u00e1tica abordada en el art\u00edculo. Las palabras clave deben estar separadas por coma, con la primera letra min\u00fascula. El t\u00edtulo del art\u00edculo en espa\u00f1ol e ingl\u00e9s deber\u00e1 acompa\u00f1ar su respectivo resumen.<\/li>\n<li><strong>3.<\/strong> Gr\u00e1ficos, tablas y figuras deben tener su indicaci\u00f3n en el art\u00edculo enunciada por sus respectivos t\u00edtulos\/leyendas, quedando ausente su imagen del cuerpo del texto. Referidas im\u00e1genes deben ser enviadas separadamente entre s\u00ed como archivos complementarios, cada una de ellas en archivo JPG. Este archivo JPG debe contener solamente la imagen, siendo as\u00ed, no debe tener indicaciones de t\u00edtulo, leyenda o fuente (ejemplo: https:\/\/desidades.ufrj.br\/featured_topic\/o-habitar-das-infancias-na-cidade-territorios-educativos-como-uma-forma-de-resistencia\/2\/). Estos archivos deben estar enumerados secuencialmente a partir de lo que representan. Por ejemplo, en el caso de texto con 2 gr\u00e1ficos y 3 tablas deben ser adjuntos gr\u00e1fico 1, gr\u00e1fico 2 y tabla 1, tabla 2 y tabla 3 como documentos suplementares. En relaci\u00f3n a las im\u00e1genes, los autores deben haber asegurado los derechos de uso, cuya comprobaci\u00f3n debe ser enviada a la revista tambi\u00e9n en forma de archivo suplementar.<\/li>\n<li><strong>4.<\/strong> Las secciones del cuerpo del texto no comienzan cada una en una nueva p\u00e1gina, y todas deben poseer t\u00edtulos y subt\u00edtulos en negrita donde solamente la primera letra es may\u00fascula. Los subt\u00edtulos, si los hubiera, deben estar alineados a la izquierda, en negrito, con la primera letra en may\u00fascula.<\/li>\n<li><strong>5.<\/strong> <span class=\"VIiyi\" lang=\"es\"><span class=\"JLqJ4b ChMk0b\" data-language-for-alternatives=\"es\" data-language-to-translate-into=\"pt\" data-phrase-index=\"0\">Se solicitar\u00e1 a las\/os autoras\/es cuyo art\u00edculo sea aprobado para publicaci\u00f3n que env\u00eden una foto individual en tama\u00f1o JPG con un tama\u00f1o m\u00ednimo de 200 x 200 p\u00edxeles y una calidad de 300 dpi.<\/span><\/span><\/li>\n<\/ul>\n<h2>Normas espec\u00edficas para a secci\u00f3n Espacio Abierto<\/h2>\n<p>Esta secci\u00f3n se destina a la circulaci\u00f3n de tem\u00e1ticas que versen sobre tema actual y\/o controversial en el \u00e1rea de la infancia, tales como: entrevistas, ronda de conversaci\u00f3n, mesas redondas, conferencias y similares. El contenido puede ser enviado en formato textual, a partir de la transcripci\u00f3n (ver norma espec\u00edfica 3 de la presente secci\u00f3n) y\/o en video (ver las normas espec\u00edficas 4 y 5 de la presente secci\u00f3n). El material enviado debe tener el objetivo de motivar la reflexi\u00f3n y exponer la opini\u00f3n de especialistas, movimientos sociales y\/o sociedad civil sobre el tema en debate. Se busca con esto la construcci\u00f3n de un canal de comunicaci\u00f3n que permita que diferentes actores expongan su opini\u00f3n y visi\u00f3n sobre un determinado fen\u00f3meno, posibilitando una rica problematizaci\u00f3n y an\u00e1lisis profundizada del asunto en cuesti\u00f3n.<\/p>\n<ul>\n<li><strong>1.\u00a0<\/strong>La editorial se reserva el derecho de rechazar cualquier env\u00edo que fuera considerado ajeno al objetivo o al compromiso \u00e9tico y pol\u00edtico de Desidades (para mayores informaciones consultar: https:\/\/revistas.ufrj.br\/index.php\/desidades\/about) Para sondeo de inter\u00e9s sobre temas que pueden ser aceptados, el\/la\/los\/as interesado(s\/as) pueden entrar en contacto con el Consejo Editorial a trav\u00e9s del email revistadesidades@gmail.com.<\/li>\n<li><strong>2.\u00a0<\/strong>Con fines de contextualizaci\u00f3n, el material enviado debe iniciar con una presentaci\u00f3n breve de la tem\u00e1tica abordada, de la ocasi\u00f3n, del lugar y de la raz\u00f3n en que esta discusi\u00f3n ocurri\u00f3 y de aquello que se hacen presentes como protagonistas del evento.<\/li>\n<li><strong>3.\u00a0<\/strong>El env\u00edo en texto o video debe estar acompa\u00f1ado de los t\u00edtulos y res\u00famenes en portugu\u00e9s, ingl\u00e9s y espa\u00f1ol, y de 4 (cuatro) a 5 (cinco) palabras clave en los tres idiomas. Las palabras clave deben estar separadas por coma, con la primera letra min\u00fascula. Si el contenido fuera enviado de forma textual, los t\u00edtulos en lengua extranjera al texto, as\u00ed como todos los res\u00famenes y todas las palabras clave deben figurar al final del texto.<\/li>\n<li><strong>4.\u00a0<\/strong>En el caso de que el contenido sea enviado de forma textual, debe tener entre 2 mil y 5 mil palabras. Es fundamental que el texto siga TODAS las especificaciones textuales colocadas en el t\u00f3pico \u201cNormas para Todas las Secciones\u201d.<\/li>\n<li><strong>5.<\/strong>\u00a0En el caso de que el contenido enviado sea video, debe tener como m\u00ednimo 20 minutos y como m\u00e1ximo 40 minutos de duraci\u00f3n. El video debe ser enviado a partir del uso compartido de link en Google Drive conteniendo una carpeta con el video en archivo de alta resoluci\u00f3n SD o HD, formato .mov o .avi. Los videos que sigan esta especificaci\u00f3n, pero en los que la Editorial constatar dificultades en la visualizaci\u00f3n o en la audici\u00f3n del material tendr\u00e1n su env\u00edo negado. La carpeta compartida tambi\u00e9n debe contener la declaraci\u00f3n de los derechos de imagen concedida por aquellos(as) que se hacen presentes en el video. El contenido debe ser compartido via email a submissaodesidades@gmail.com y el(los\/la\/s) autor(es\/as) ser\u00e1n notificados de la recepci\u00f3n del material.<\/li>\n<li><strong>6.<\/strong> Es fundamental que el env\u00edo en video tambi\u00e9n sea realizado en el sistema de la revista y no solamente por email. En este sistema el(los\/la\/s) autor(es\/a\/as) deben subir las informaciones de autor\u00eda, los res\u00famenes y palabras clave del Espacio Abierto (ver Normas para Todas las Secciones).<\/li>\n<li><strong>7.<\/strong> En el caso de aprobaci\u00f3n del Espacio Abierto, ser\u00e1n solicitadas fotos individuales de los protagonistas de la discusi\u00f3n que gener\u00f3 el material en formato JPG con tama\u00f1o m\u00ednimo de 200&#215;200 pixels y calidad de 300 dpi.<\/li>\n<\/ul>\n<h2>Normas espec\u00edficas para las Rese\u00f1as (secci\u00f3n de Informaciones Bibliogr\u00e1ficas)<\/h2>\n<p>Esta secci\u00f3n est\u00e1 destinada a evaluaciones de publicaciones recientes, que tengan su primera edici\u00f3n lanzada como m\u00e1ximo hace dos a\u00f1os, en el \u00e1rea de la infancia y la juventud que llevan registrados el n\u00famero est\u00e1ndar de identificaci\u00f3n internacional del libro (ISBN).<\/p>\n<ul>\n<li><strong>1.<\/strong> Las rese\u00f1as deben fluctuar entre 1,5 mil a 2 mil palabras.<\/li>\n<li><strong>2.<\/strong> Se enviar\u00e1, por separado, una imagen de la tapa del libro rese\u00f1ado, en formato .jpg o .tiff con una resoluci\u00f3n m\u00ednima de 300 dpi.<\/li>\n<li><strong>3.<\/strong> Deben insertarse al final del texto de la rese\u00f1a de 3 (tres) a 5 (cinco) palabras-claves.<\/li>\n<li><strong>4.<\/strong> La rese\u00f1a debe contener la ficha t\u00e9cnica especificando los datos de la publicaci\u00f3n: t\u00edtulo, autor, editorial, ciudad, a\u00f1o, n\u00famero de p\u00e1ginas, ISBN.<\/li>\n<li><strong>5.<\/strong> El t\u00edtulo de la rese\u00f1a debe ser original y distinto al t\u00edtulo del libro rese\u00f1ado.<\/li>\n<li><strong>6.<\/strong> Las citas y referencias siguen las reglas generales, expuestas anteriormente. La referencia del libro rese\u00f1ado debe ser destacada en negrito.<\/li>\n<\/ul>\n<h2>Direitos autorais<\/h2>\n<p>El env\u00edo de manuscritos a la Revista implica la cesi\u00f3n de derechos de publicaci\u00f3n a DESIDADES, que tendr\u00e1 la exclusividad de publicaci\u00f3n sin ning\u00fan costo. El\/la autor\/a podr\u00e1, sin embargo, publicar el material posteriormente, de forma integral o parcial. En el caso de la republicaci\u00f3n de la totalidad o de partes de los textos en otros medios, el\/la autor\/a debe hacer menci\u00f3n a la primera publicaci\u00f3n en la revista DESIDADES. Los\/las autores\/as son enteramente responsables por el contenido de sus art\u00edculos publicados.<\/p>\n<h2>Envio do material<\/h2>\n<p>Los art\u00edculos, entrevistas y rese\u00f1as deben ser enviados en el sitio web de DESIDADES, en el portal de peri\u00f3dicos de la UFRJ <u><a href=\"https:\/\/revistas.ufrj.br\/index.php\/desidades\" target=\"blank\" rel=\"noopener noreferrer\">https:\/\/revistas.ufrj.br\/index.php\/desidades<\/a><\/u><\/p>\n<p>Despu\u00e9s del registro del usuario en el sistema, todos los materiales textuales deben enviarse en este sitio web. En el caso del env\u00edo de videos al sistema, una carpeta en Google Drive conteniendo el material grabado en buena calidad debe ser compartida con el email submissaodesidades@gmail.com<\/p>\n<p>Los\/las autores\/as ser\u00e1n notificados\/as de la recepci\u00f3n del material enviado.<\/p>\n<p>Email para contacto com editoria: revistadesidades@gmail.com<\/p>\n","protected":false},"excerpt":{"rendered":"<p>Normas para todas las secciones 1. Los art\u00edculos, entrevistas o rese\u00f1as ser\u00e1n enviados, en portugu\u00e9s O espa\u00f1ol, al Consejo Editorial al cual cabe la responsabilidad del proceso editorial de los manuscritos. El env\u00edo ser\u00e1 hecho en el sitio web de DESIDADES, en el portal de peri\u00f3dicos de la UFRJ https:\/\/revistas.ufrj.br\/index.php\/desidades siguiendo las orientaciones explicitadas. 2. [&hellip;]<\/p>\n","protected":false},"author":1,"featured_media":0,"parent":0,"menu_order":0,"comment_status":"closed","ping_status":"closed","template":"","meta":{"_acf_changed":false,"_monsterinsights_skip_tracking":false,"_monsterinsights_sitenote_active":false,"_monsterinsights_sitenote_note":"","_monsterinsights_sitenote_category":0,"footnotes":""},"class_list":["post-159","page","type-page","status-publish","hentry"],"acf":[],"_links":{"self":[{"href":"https:\/\/desidades.ufrj.br\/es\/wp-json\/wp\/v2\/pages\/159","targetHints":{"allow":["GET"]}}],"collection":[{"href":"https:\/\/desidades.ufrj.br\/es\/wp-json\/wp\/v2\/pages"}],"about":[{"href":"https:\/\/desidades.ufrj.br\/es\/wp-json\/wp\/v2\/types\/page"}],"author":[{"embeddable":true,"href":"https:\/\/desidades.ufrj.br\/es\/wp-json\/wp\/v2\/users\/1"}],"replies":[{"embeddable":true,"href":"https:\/\/desidades.ufrj.br\/es\/wp-json\/wp\/v2\/comments?post=159"}],"version-history":[{"count":41,"href":"https:\/\/desidades.ufrj.br\/es\/wp-json\/wp\/v2\/pages\/159\/revisions"}],"predecessor-version":[{"id":4846,"href":"https:\/\/desidades.ufrj.br\/es\/wp-json\/wp\/v2\/pages\/159\/revisions\/4846"}],"wp:attachment":[{"href":"https:\/\/desidades.ufrj.br\/es\/wp-json\/wp\/v2\/media?parent=159"}],"curies":[{"name":"wp","href":"https:\/\/api.w.org\/{rel}","templated":true}]}}